{"id":845,"date":"2017-10-20T08:43:16","date_gmt":"2017-10-20T08:43:16","guid":{"rendered":"https:\/\/apart-peter.at\/?page_id=845"},"modified":"2021-05-31T09:50:55","modified_gmt":"2021-05-31T09:50:55","slug":"inquiry","status":"publish","type":"page","link":"https:\/\/apart-peter.at\/en\/booking-and-inquiry\/inquiry\/","title":{"rendered":"Inquiry"},"content":{"rendered":"<div id='av_section_1'  class='avia-section av-4f5c1x-2d31db9a5e4d844aa683c6e3b56b8d8c main_color avia-section-default avia-no-shadow  avia-builder-el-0  avia-builder-el-no-sibling  avia-bg-style-scroll container_wrap fullsize'  ><div class='container av-section-cont-open' ><main  role=\"main\" itemprop=\"mainContentOfPage\"  class='template-page content  av-content-full alpha units'><div class='post-entry post-entry-type-page post-entry-845'><div class='entry-content-wrapper clearfix'>\n\n<style type=\"text\/css\" data-created_by=\"avia_inline_auto\" id=\"style-css-av-98aud-4b9019559dbd1c25d14be1abece533d8\">\n#top .av-special-heading.av-98aud-4b9019559dbd1c25d14be1abece533d8{\npadding-bottom:10px;\n}\nbody .av-special-heading.av-98aud-4b9019559dbd1c25d14be1abece533d8 .av-special-heading-tag .heading-char{\nfont-size:25px;\n}\n.av-special-heading.av-98aud-4b9019559dbd1c25d14be1abece533d8 .av-subheading{\nfont-size:15px;\n}\n<\/style>\n<div  class='av-special-heading av-98aud-4b9019559dbd1c25d14be1abece533d8 av-special-heading-h2  avia-builder-el-1  el_before_av_one_fifth  avia-builder-el-first '><h2 class='av-special-heading-tag'  itemprop=\"headline\"  >Send us a non-binding holiday inquiry<\/h2><div class=\"special-heading-border\"><div class=\"special-heading-inner-border\"><\/div><\/div><\/div>\n\n<style type=\"text\/css\" data-created_by=\"avia_inline_auto\" id=\"style-css-av-43ob85-9d0699d0532412ebdfca1eb0c28b11b9\">\n.flex_column.av-43ob85-9d0699d0532412ebdfca1eb0c28b11b9{\n-webkit-border-radius:0px 0px 0px 0px;\n-moz-border-radius:0px 0px 0px 0px;\nborder-radius:0px 0px 0px 0px;\npadding:0px 0px 0px 0px;\n}\n<\/style>\n<div class='flex_column av-43ob85-9d0699d0532412ebdfca1eb0c28b11b9 av_one_fifth  avia-builder-el-2  el_after_av_heading  el_before_av_three_fifth  first flex_column_div av-hide-on-mobile av-zero-column-padding '     ><\/div>\n<style type=\"text\/css\" data-created_by=\"avia_inline_auto\" id=\"style-css-av-3twswl-3410525e1c6d02b097b0df83027eb066\">\n.flex_column.av-3twswl-3410525e1c6d02b097b0df83027eb066{\n-webkit-border-radius:0px 0px 0px 0px;\n-moz-border-radius:0px 0px 0px 0px;\nborder-radius:0px 0px 0px 0px;\npadding:0px 0px 0px 0px;\n}\n<\/style>\n<div class='flex_column av-3twswl-3410525e1c6d02b097b0df83027eb066 av_three_fifth  avia-builder-el-3  el_after_av_one_fifth  el_before_av_one_fifth  flex_column_div av-zero-column-padding '     ><form action=\"https:\/\/apart-peter.at\/en\/booking-and-inquiry\/inquiry\/\" method=\"post\"  class=\"avia_ajax_form av-form-labels-visible   avia-builder-el-4  avia-builder-el-no-sibling  av-custom-form-color av-dark-form \" data-avia-form-id=\"1\" data-avia-redirect='' ><fieldset><div id='avia_1_1' class='av-form-text'><\/p>\n<h3>Arrival and Departure<\/h3>\n<p>\n<\/div><p class='  first_form  form_element form_element_half' id='element_avia_2_1'><label for=\"avia_2_1\">Arrival <abbr class=\"required\" title=\"required\">*<\/abbr><\/label> <input name=\"avia_2_1\" class=\"avia_datepicker text_input is_empty\" type=\"text\" id=\"avia_2_1\" value=\"\" placeholder=\"DD \/ MM \/ YY\" \/><\/p><p class='  form_element form_element_half' id='element_avia_3_1'><label for=\"avia_3_1\">Departure <abbr class=\"required\" title=\"required\">*<\/abbr><\/label> <input name=\"avia_3_1\" class=\"avia_datepicker text_input is_empty\" type=\"text\" id=\"avia_3_1\" value=\"\" placeholder=\"DD \/ MM \/ YY\" \/><\/p><div id='avia_4_1' class='av-form-text'><\/p>\n<h3>Number of people<\/h3>\n<p>\n<\/div><p class='  first_form  form_element form_element_half' id='element_avia_5_1'><label for=\"avia_5_1\">Adults <abbr class=\"required\" title=\"required\">*<\/abbr><\/label> <input name=\"avia_5_1\" class=\"text_input is_empty\" type=\"text\" id=\"avia_5_1\" value=\"\" \/><\/p><p class='  form_element form_element_half' id='element_avia_6_1'><label for=\"avia_6_1\">Children<\/label> <input name=\"avia_6_1\" class=\"text_input \" type=\"text\" id=\"avia_6_1\" value=\"\" \/><\/p><p class='  first_form  form_element form_fullwidth' id='element_avia_7_1'><label for=\"avia_7_1\">Age of the children<\/label> <input name=\"avia_7_1\" class=\"text_input \" type=\"text\" id=\"avia_7_1\" value=\"\" \/><\/p><div id='avia_8_1' class='av-form-text'><\/p>\n<h3>Your personal data<\/h3>\n<p>\n<\/div><p class='  first_form  form_element form_element_third' id='element_avia_9_1'><label for=\"avia_9_1\">Salutation<\/label><select  name=\"avia_9_1\" class=\"select \" id=\"avia_9_1\"><option   value='Mr'>Mr<\/option><option   value='Mrs'>Mrs<\/option><option   value='Ms'>Ms<\/option><option  selected=\"selected\" value=''><\/option><\/select><\/p><p class='  form_element form_element_third' id='element_avia_10_1'><label for=\"avia_10_1\">Surname <abbr class=\"required\" title=\"required\">*<\/abbr><\/label> <input name=\"avia_10_1\" class=\"text_input is_empty\" type=\"text\" id=\"avia_10_1\" value=\"\" \/><\/p><p class='  form_element form_element_third' id='element_avia_11_1'><label for=\"avia_11_1\">Prename <abbr class=\"required\" title=\"required\">*<\/abbr><\/label> <input name=\"avia_11_1\" class=\"text_input is_empty\" type=\"text\" id=\"avia_11_1\" value=\"\" \/><\/p><p class='  first_form  form_element form_element_half' id='element_avia_12_1'><label for=\"avia_12_1\">E-mail <abbr class=\"required\" title=\"required\">*<\/abbr><\/label> <input name=\"avia_12_1\" class=\"text_input is_email\" type=\"text\" id=\"avia_12_1\" value=\"\" \/><\/p><p class='  form_element form_element_half' id='element_avia_13_1'><label for=\"avia_13_1\">Telephone<\/label> <input name=\"avia_13_1\" class=\"text_input \" type=\"text\" id=\"avia_13_1\" value=\"\" \/><\/p><p class='  first_form  form_element form_fullwidth' id='element_avia_14_1'><label for=\"avia_14_1\" class=\"textare_label hidden textare_label_avia_14_1\">Comment<\/label><textarea  name=\"avia_14_1\" class=\"text_area \" cols=\"40\" rows=\"7\" id=\"avia_14_1\" ><\/textarea><\/p><p class='  first_form  form_element form_fullwidth' id='element_avia_15_1'><input  name=\"avia_15_1\" class=\"input_checkbox is_empty\" type=\"checkbox\" id=\"avia_15_1\" value=\"true\"\/><label class=\"input_checkbox_label\" for=\"avia_15_1\">When you activate this checkbox, you agree to the use of your information in accordance with our privacy policy. For further information see our data protection declaration.  <abbr class=\"required\" title=\"required\">*<\/abbr><\/label><\/p><p class=\"hidden\"><input type=\"text\" name=\"avia_16_1\" class=\"hidden \" id=\"avia_16_1\" value=\"\" \/><\/p><div id='avia_17_1' class='av-recaptcha-area  first_form  form_element form_fullwidth '  data-container_class=\"\" data-custom_class=\"\" data-context=\"av_contact_form\" data-token_input=\"av_recaptcha_token\" data-version=\"avia_recaptcha_v2\" data-theme=\"light\" data-size=\"normal\" data-score=\"0.5\" data-text_to_preview=\"\" data-value=\"\"><div class=\"av-google-badge-message hidden\">This site is protected by reCAPTCHA and the Google <a href=\"https:\/\/policies.google.com\/privacy\">Privacy Policy<\/a> and <a href=\"https:\/\/policies.google.com\/terms\">Terms of Service<\/a> apply.<\/div><\/div><p class=\"form_element \"><input type=\"hidden\" value=\"1\" name=\"avia_generated_form1\" \/><input type=\"submit\" value=\"Send inquiry\" class=\"button\"  data-sending-label=\"Sending\"\/><\/p><\/fieldset><div class=\"avia-disabled-form\">This contact form is deactivated because you refused to accept Google reCaptcha service which is necessary to validate any messages sent by the form.<\/div><\/form><div id=\"ajaxresponse_1\" class=\"ajaxresponse ajaxresponse_1 hidden\"><\/div><\/div>\n<style type=\"text\/css\" data-created_by=\"avia_inline_auto\" id=\"style-css-av-8vw31-54947aa68ceed83c340c45cae56415c4\">\n.flex_column.av-8vw31-54947aa68ceed83c340c45cae56415c4{\n-webkit-border-radius:0px 0px 0px 0px;\n-moz-border-radius:0px 0px 0px 0px;\nborder-radius:0px 0px 0px 0px;\npadding:0px 0px 0px 0px;\n}\n<\/style>\n<div class='flex_column av-8vw31-54947aa68ceed83c340c45cae56415c4 av_one_fifth  avia-builder-el-5  el_after_av_three_fifth  avia-builder-el-last  flex_column_div av-zero-column-padding '     ><\/div>\n","protected":false},"excerpt":{"rendered":"","protected":false},"author":1,"featured_media":0,"parent":839,"menu_order":2,"comment_status":"closed","ping_status":"closed","template":"","meta":{"footnotes":""},"class_list":["post-845","page","type-page","status-publish","hentry"],"yoast_head":"<!-- This site is optimized with the Yoast SEO plugin v27.5 - https:\/\/yoast.com\/product\/yoast-seo-wordpress\/ -->\n<title>A warm welcome to Apart Peter in Kappl | apartments f\u00fcr relaxing holidays!<\/title>\n<meta name=\"description\" content=\"Not far from our house you find a wide range of restaurants, pizzerias, caf\u00e9s und apr\u00e8s-ski bars, as well as various shops and wellness facilities.\" \/>\n<meta name=\"robots\" content=\"index, follow, max-snippet:-1, max-image-preview:large, max-video-preview:-1\" \/>\n<link rel=\"canonical\" href=\"https:\/\/apart-peter.at\/en\/booking-and-inquiry\/inquiry\/\" \/>\n<meta property=\"og:locale\" content=\"en_US\" \/>\n<meta property=\"og:type\" content=\"article\" \/>\n<meta property=\"og:title\" content=\"A warm welcome to Apart Peter in Kappl | apartments f\u00fcr relaxing holidays!\" \/>\n<meta property=\"og:description\" content=\"Not far from our house you find a wide range of restaurants, pizzerias, caf\u00e9s und apr\u00e8s-ski bars, as well as various shops and wellness facilities.\" \/>\n<meta property=\"og:url\" content=\"https:\/\/apart-peter.at\/en\/booking-and-inquiry\/inquiry\/\" \/>\n<meta property=\"og:site_name\" content=\"Apart Peter - Kappl\" \/>\n<meta property=\"article:modified_time\" content=\"2021-05-31T09:50:55+00:00\" \/>\n<meta name=\"twitter:card\" content=\"summary_large_image\" \/>\n<meta name=\"twitter:label1\" content=\"Est. reading time\" \/>\n\t<meta name=\"twitter:data1\" content=\"5 minutes\" \/>\n<script type=\"application\/ld+json\" class=\"yoast-schema-graph\">{\"@context\":\"https:\\\/\\\/schema.org\",\"@graph\":[{\"@type\":\"WebPage\",\"@id\":\"https:\\\/\\\/apart-peter.at\\\/en\\\/booking-and-inquiry\\\/inquiry\\\/\",\"url\":\"https:\\\/\\\/apart-peter.at\\\/en\\\/booking-and-inquiry\\\/inquiry\\\/\",\"name\":\"A warm welcome to Apart Peter in Kappl | apartments f\u00fcr relaxing holidays!\",\"isPartOf\":{\"@id\":\"https:\\\/\\\/apart-peter.at\\\/#website\"},\"datePublished\":\"2017-10-20T08:43:16+00:00\",\"dateModified\":\"2021-05-31T09:50:55+00:00\",\"description\":\"Not far from our house you find a wide range of restaurants, pizzerias, caf\u00e9s und apr\u00e8s-ski bars, as well as various shops and wellness facilities.\",\"breadcrumb\":{\"@id\":\"https:\\\/\\\/apart-peter.at\\\/en\\\/booking-and-inquiry\\\/inquiry\\\/#breadcrumb\"},\"inLanguage\":\"en-US\",\"potentialAction\":[{\"@type\":\"ReadAction\",\"target\":[\"https:\\\/\\\/apart-peter.at\\\/en\\\/booking-and-inquiry\\\/inquiry\\\/\"]}]},{\"@type\":\"BreadcrumbList\",\"@id\":\"https:\\\/\\\/apart-peter.at\\\/en\\\/booking-and-inquiry\\\/inquiry\\\/#breadcrumb\",\"itemListElement\":[{\"@type\":\"ListItem\",\"position\":1,\"name\":\"Startseite\",\"item\":\"https:\\\/\\\/apart-peter.at\\\/en\\\/\"},{\"@type\":\"ListItem\",\"position\":2,\"name\":\"Booking and Inquiry\",\"item\":\"https:\\\/\\\/apart-peter.at\\\/en\\\/booking-and-inquiry\\\/\"},{\"@type\":\"ListItem\",\"position\":3,\"name\":\"Inquiry\"}]},{\"@type\":\"WebSite\",\"@id\":\"https:\\\/\\\/apart-peter.at\\\/#website\",\"url\":\"https:\\\/\\\/apart-peter.at\\\/\",\"name\":\"Apart Peter - Kappl\",\"description\":\"Appartements in Paznauntal\",\"potentialAction\":[{\"@type\":\"SearchAction\",\"target\":{\"@type\":\"EntryPoint\",\"urlTemplate\":\"https:\\\/\\\/apart-peter.at\\\/?s={search_term_string}\"},\"query-input\":{\"@type\":\"PropertyValueSpecification\",\"valueRequired\":true,\"valueName\":\"search_term_string\"}}],\"inLanguage\":\"en-US\"}]}<\/script>\n<!-- \/ Yoast SEO plugin. -->","yoast_head_json":{"title":"A warm welcome to Apart Peter in Kappl | apartments f\u00fcr relaxing holidays!","description":"Not far from our house you find a wide range of restaurants, pizzerias, caf\u00e9s und apr\u00e8s-ski bars, as well as various shops and wellness facilities.","robots":{"index":"index","follow":"follow","max-snippet":"max-snippet:-1","max-image-preview":"max-image-preview:large","max-video-preview":"max-video-preview:-1"},"canonical":"https:\/\/apart-peter.at\/en\/booking-and-inquiry\/inquiry\/","og_locale":"en_US","og_type":"article","og_title":"A warm welcome to Apart Peter in Kappl | apartments f\u00fcr relaxing holidays!","og_description":"Not far from our house you find a wide range of restaurants, pizzerias, caf\u00e9s und apr\u00e8s-ski bars, as well as various shops and wellness facilities.","og_url":"https:\/\/apart-peter.at\/en\/booking-and-inquiry\/inquiry\/","og_site_name":"Apart Peter - Kappl","article_modified_time":"2021-05-31T09:50:55+00:00","twitter_card":"summary_large_image","twitter_misc":{"Est. reading time":"5 minutes"},"schema":{"@context":"https:\/\/schema.org","@graph":[{"@type":"WebPage","@id":"https:\/\/apart-peter.at\/en\/booking-and-inquiry\/inquiry\/","url":"https:\/\/apart-peter.at\/en\/booking-and-inquiry\/inquiry\/","name":"A warm welcome to Apart Peter in Kappl | apartments f\u00fcr relaxing holidays!","isPartOf":{"@id":"https:\/\/apart-peter.at\/#website"},"datePublished":"2017-10-20T08:43:16+00:00","dateModified":"2021-05-31T09:50:55+00:00","description":"Not far from our house you find a wide range of restaurants, pizzerias, caf\u00e9s und apr\u00e8s-ski bars, as well as various shops and wellness facilities.","breadcrumb":{"@id":"https:\/\/apart-peter.at\/en\/booking-and-inquiry\/inquiry\/#breadcrumb"},"inLanguage":"en-US","potentialAction":[{"@type":"ReadAction","target":["https:\/\/apart-peter.at\/en\/booking-and-inquiry\/inquiry\/"]}]},{"@type":"BreadcrumbList","@id":"https:\/\/apart-peter.at\/en\/booking-and-inquiry\/inquiry\/#breadcrumb","itemListElement":[{"@type":"ListItem","position":1,"name":"Startseite","item":"https:\/\/apart-peter.at\/en\/"},{"@type":"ListItem","position":2,"name":"Booking and Inquiry","item":"https:\/\/apart-peter.at\/en\/booking-and-inquiry\/"},{"@type":"ListItem","position":3,"name":"Inquiry"}]},{"@type":"WebSite","@id":"https:\/\/apart-peter.at\/#website","url":"https:\/\/apart-peter.at\/","name":"Apart Peter - Kappl","description":"Appartements in Paznauntal","potentialAction":[{"@type":"SearchAction","target":{"@type":"EntryPoint","urlTemplate":"https:\/\/apart-peter.at\/?s={search_term_string}"},"query-input":{"@type":"PropertyValueSpecification","valueRequired":true,"valueName":"search_term_string"}}],"inLanguage":"en-US"}]}},"_links":{"self":[{"href":"https:\/\/apart-peter.at\/en\/wp-json\/wp\/v2\/pages\/845","targetHints":{"allow":["GET"]}}],"collection":[{"href":"https:\/\/apart-peter.at\/en\/wp-json\/wp\/v2\/pages"}],"about":[{"href":"https:\/\/apart-peter.at\/en\/wp-json\/wp\/v2\/types\/page"}],"author":[{"embeddable":true,"href":"https:\/\/apart-peter.at\/en\/wp-json\/wp\/v2\/users\/1"}],"replies":[{"embeddable":true,"href":"https:\/\/apart-peter.at\/en\/wp-json\/wp\/v2\/comments?post=845"}],"version-history":[{"count":6,"href":"https:\/\/apart-peter.at\/en\/wp-json\/wp\/v2\/pages\/845\/revisions"}],"predecessor-version":[{"id":1215,"href":"https:\/\/apart-peter.at\/en\/wp-json\/wp\/v2\/pages\/845\/revisions\/1215"}],"up":[{"embeddable":true,"href":"https:\/\/apart-peter.at\/en\/wp-json\/wp\/v2\/pages\/839"}],"wp:attachment":[{"href":"https:\/\/apart-peter.at\/en\/wp-json\/wp\/v2\/media?parent=845"}],"curies":[{"name":"wp","href":"https:\/\/api.w.org\/{rel}","templated":true}]}}