{"id":842,"date":"2017-10-20T08:38:04","date_gmt":"2017-10-20T08:38:04","guid":{"rendered":"https:\/\/apart-peter.at\/?page_id=842"},"modified":"2021-03-25T10:47:46","modified_gmt":"2021-03-25T10:47:46","slug":"booking","status":"publish","type":"page","link":"https:\/\/apart-peter.at\/en\/booking-and-inquiry\/booking\/","title":{"rendered":"Booking"},"content":{"rendered":"\n<style type=\"text\/css\" data-created_by=\"avia_inline_auto\" id=\"style-css-av-v7gbm-daea7de4313a9417508f726e615ee208\">\n.flex_column.av-v7gbm-daea7de4313a9417508f726e615ee208{\n-webkit-border-radius:0px 0px 0px 0px;\n-moz-border-radius:0px 0px 0px 0px;\nborder-radius:0px 0px 0px 0px;\npadding:0px 0px 0px 0px;\n}\n<\/style>\n<div class='flex_column av-v7gbm-daea7de4313a9417508f726e615ee208 av_one_full  avia-builder-el-0  el_before_av_layout_row  avia-builder-el-no-sibling  first flex_column_div av-hide-on-mobile av-zero-column-padding '     ><style type=\"text\/css\" data-created_by=\"avia_inline_auto\" id=\"style-css-av-om196-0381ee73e1c140f2d92cbc871224e8aa\">\n#top .av-special-heading.av-om196-0381ee73e1c140f2d92cbc871224e8aa{\npadding-bottom:10px;\n}\nbody .av-special-heading.av-om196-0381ee73e1c140f2d92cbc871224e8aa .av-special-heading-tag .heading-char{\nfont-size:25px;\n}\n.av-special-heading.av-om196-0381ee73e1c140f2d92cbc871224e8aa .av-subheading{\nfont-size:15px;\n}\n<\/style>\n<div  class='av-special-heading av-om196-0381ee73e1c140f2d92cbc871224e8aa av-special-heading-h2  avia-builder-el-1  avia-builder-el-no-sibling '><h2 class='av-special-heading-tag'  itemprop=\"headline\"  >Book online now<\/h2><div class=\"special-heading-border\"><div class=\"special-heading-inner-border\"><\/div><\/div><\/div><\/div><\/div><\/div><\/div><!-- close content main div --><\/div><\/div><div id='av-layout-grid-1'  class='av-layout-grid-container av-av_layout_row-89003fc6680f443b979b7368174c0cbd entry-content-wrapper main_color av-flex-cells  avia-builder-el-2  el_after_av_one_full  el_before_av_one_full  grid-row-not-first  container_wrap fullsize'  >\n<div class='flex_cell av-av_cell_one_full-27937910f09567db86ed4e0b49436952 av-gridrow-cell av_one_full no_margin  avia-builder-el-3  avia-builder-el-no-sibling ' ><div class='flex_cell_inner'>\n<\/div><\/div><\/div><div id='after_grid_row_1'  class='main_color av_default_container_wrap container_wrap fullsize'  ><div class='container av-section-cont-open' ><div class='template-page content  av-content-full alpha units'><div class='post-entry post-entry-type-page post-entry-842'><div class='entry-content-wrapper clearfix'>\n<style type=\"text\/css\" data-created_by=\"avia_inline_auto\" id=\"style-css-av-dcwdm-529eba1c354edb86abefdcccb1d8100a\">\n.flex_column.av-dcwdm-529eba1c354edb86abefdcccb1d8100a{\n-webkit-border-radius:0px 0px 0px 0px;\n-moz-border-radius:0px 0px 0px 0px;\nborder-radius:0px 0px 0px 0px;\npadding:0px 0px 0px 0px;\n}\n<\/style>\n<div class='flex_column av-dcwdm-529eba1c354edb86abefdcccb1d8100a av_one_full  avia-builder-el-5  el_after_av_layout_row  avia-builder-el-no-sibling  first flex_column_div av-zero-column-padding '     ><div  class='avia-button-wrap av-a088q-4ba83445578c31f6f15f661cf2f086b9-wrap avia-button-center  avia-builder-el-6  avia-builder-el-no-sibling '><a href='https:\/\/www.kappl.com\/en\/kappl\/ferienwohnung-appartement\/peter_affdr72901'  class='avia-button av-a088q-4ba83445578c31f6f15f661cf2f086b9 avia-icon_select-yes-left-icon avia-size-x-large avia-position-center av-desktop-hide av-medium-hide av-icon-on-hover avia-color-theme-color'  ><span class='avia_button_icon avia_button_icon_left' aria-hidden='true' data-av_icon='\ue800' data-av_iconfont='entypo-fontello'><\/span><span class='avia_iconbox_title' >BOOK NOW<\/span><\/a><\/div><\/div><\/p>\n","protected":false},"excerpt":{"rendered":"","protected":false},"author":1,"featured_media":0,"parent":839,"menu_order":1,"comment_status":"closed","ping_status":"closed","template":"","meta":{"footnotes":""},"class_list":["post-842","page","type-page","status-publish","hentry"],"yoast_head":"<!-- This site is optimized with the Yoast SEO plugin v27.4 - https:\/\/yoast.com\/product\/yoast-seo-wordpress\/ -->\n<title>A warm welcome to Apart Peter in Kappl | apartments f\u00fcr relaxing holidays!<\/title>\n<meta name=\"description\" content=\"Not far from our house you find a wide range of restaurants, pizzerias, caf\u00e9s und apr\u00e8s-ski bars, as well as various shops and wellness facilities.\" \/>\n<meta name=\"robots\" content=\"index, follow, max-snippet:-1, max-image-preview:large, max-video-preview:-1\" \/>\n<link rel=\"canonical\" href=\"https:\/\/apart-peter.at\/en\/booking-and-inquiry\/booking\/\" \/>\n<meta property=\"og:locale\" content=\"en_US\" \/>\n<meta property=\"og:type\" content=\"article\" \/>\n<meta property=\"og:title\" content=\"A warm welcome to Apart Peter in Kappl | apartments f\u00fcr relaxing holidays!\" \/>\n<meta property=\"og:description\" content=\"Not far from our house you find a wide range of restaurants, pizzerias, caf\u00e9s und apr\u00e8s-ski bars, as well as various shops and wellness facilities.\" \/>\n<meta property=\"og:url\" content=\"https:\/\/apart-peter.at\/en\/booking-and-inquiry\/booking\/\" \/>\n<meta property=\"og:site_name\" content=\"Apart Peter - Kappl\" \/>\n<meta property=\"article:modified_time\" content=\"2021-03-25T10:47:46+00:00\" \/>\n<meta name=\"twitter:card\" content=\"summary_large_image\" \/>\n<meta name=\"twitter:label1\" content=\"Est. reading time\" \/>\n\t<meta name=\"twitter:data1\" content=\"2 minutes\" \/>\n<script type=\"application\/ld+json\" class=\"yoast-schema-graph\">{\"@context\":\"https:\\\/\\\/schema.org\",\"@graph\":[{\"@type\":\"WebPage\",\"@id\":\"https:\\\/\\\/apart-peter.at\\\/en\\\/booking-and-inquiry\\\/booking\\\/\",\"url\":\"https:\\\/\\\/apart-peter.at\\\/en\\\/booking-and-inquiry\\\/booking\\\/\",\"name\":\"A warm welcome to Apart Peter in Kappl | apartments f\u00fcr relaxing holidays!\",\"isPartOf\":{\"@id\":\"https:\\\/\\\/apart-peter.at\\\/#website\"},\"datePublished\":\"2017-10-20T08:38:04+00:00\",\"dateModified\":\"2021-03-25T10:47:46+00:00\",\"description\":\"Not far from our house you find a wide range of restaurants, pizzerias, caf\u00e9s und apr\u00e8s-ski bars, as well as various shops and wellness facilities.\",\"breadcrumb\":{\"@id\":\"https:\\\/\\\/apart-peter.at\\\/en\\\/booking-and-inquiry\\\/booking\\\/#breadcrumb\"},\"inLanguage\":\"en-US\",\"potentialAction\":[{\"@type\":\"ReadAction\",\"target\":[\"https:\\\/\\\/apart-peter.at\\\/en\\\/booking-and-inquiry\\\/booking\\\/\"]}]},{\"@type\":\"BreadcrumbList\",\"@id\":\"https:\\\/\\\/apart-peter.at\\\/en\\\/booking-and-inquiry\\\/booking\\\/#breadcrumb\",\"itemListElement\":[{\"@type\":\"ListItem\",\"position\":1,\"name\":\"Startseite\",\"item\":\"https:\\\/\\\/apart-peter.at\\\/en\\\/\"},{\"@type\":\"ListItem\",\"position\":2,\"name\":\"Booking and Inquiry\",\"item\":\"https:\\\/\\\/apart-peter.at\\\/en\\\/booking-and-inquiry\\\/\"},{\"@type\":\"ListItem\",\"position\":3,\"name\":\"Booking\"}]},{\"@type\":\"WebSite\",\"@id\":\"https:\\\/\\\/apart-peter.at\\\/#website\",\"url\":\"https:\\\/\\\/apart-peter.at\\\/\",\"name\":\"Apart Peter - Kappl\",\"description\":\"Appartements in Paznauntal\",\"potentialAction\":[{\"@type\":\"SearchAction\",\"target\":{\"@type\":\"EntryPoint\",\"urlTemplate\":\"https:\\\/\\\/apart-peter.at\\\/?s={search_term_string}\"},\"query-input\":{\"@type\":\"PropertyValueSpecification\",\"valueRequired\":true,\"valueName\":\"search_term_string\"}}],\"inLanguage\":\"en-US\"}]}<\/script>\n<!-- \/ Yoast SEO plugin. -->","yoast_head_json":{"title":"A warm welcome to Apart Peter in Kappl | apartments f\u00fcr relaxing holidays!","description":"Not far from our house you find a wide range of restaurants, pizzerias, caf\u00e9s und apr\u00e8s-ski bars, as well as various shops and wellness facilities.","robots":{"index":"index","follow":"follow","max-snippet":"max-snippet:-1","max-image-preview":"max-image-preview:large","max-video-preview":"max-video-preview:-1"},"canonical":"https:\/\/apart-peter.at\/en\/booking-and-inquiry\/booking\/","og_locale":"en_US","og_type":"article","og_title":"A warm welcome to Apart Peter in Kappl | apartments f\u00fcr relaxing holidays!","og_description":"Not far from our house you find a wide range of restaurants, pizzerias, caf\u00e9s und apr\u00e8s-ski bars, as well as various shops and wellness facilities.","og_url":"https:\/\/apart-peter.at\/en\/booking-and-inquiry\/booking\/","og_site_name":"Apart Peter - Kappl","article_modified_time":"2021-03-25T10:47:46+00:00","twitter_card":"summary_large_image","twitter_misc":{"Est. reading time":"2 minutes"},"schema":{"@context":"https:\/\/schema.org","@graph":[{"@type":"WebPage","@id":"https:\/\/apart-peter.at\/en\/booking-and-inquiry\/booking\/","url":"https:\/\/apart-peter.at\/en\/booking-and-inquiry\/booking\/","name":"A warm welcome to Apart Peter in Kappl | apartments f\u00fcr relaxing holidays!","isPartOf":{"@id":"https:\/\/apart-peter.at\/#website"},"datePublished":"2017-10-20T08:38:04+00:00","dateModified":"2021-03-25T10:47:46+00:00","description":"Not far from our house you find a wide range of restaurants, pizzerias, caf\u00e9s und apr\u00e8s-ski bars, as well as various shops and wellness facilities.","breadcrumb":{"@id":"https:\/\/apart-peter.at\/en\/booking-and-inquiry\/booking\/#breadcrumb"},"inLanguage":"en-US","potentialAction":[{"@type":"ReadAction","target":["https:\/\/apart-peter.at\/en\/booking-and-inquiry\/booking\/"]}]},{"@type":"BreadcrumbList","@id":"https:\/\/apart-peter.at\/en\/booking-and-inquiry\/booking\/#breadcrumb","itemListElement":[{"@type":"ListItem","position":1,"name":"Startseite","item":"https:\/\/apart-peter.at\/en\/"},{"@type":"ListItem","position":2,"name":"Booking and Inquiry","item":"https:\/\/apart-peter.at\/en\/booking-and-inquiry\/"},{"@type":"ListItem","position":3,"name":"Booking"}]},{"@type":"WebSite","@id":"https:\/\/apart-peter.at\/#website","url":"https:\/\/apart-peter.at\/","name":"Apart Peter - Kappl","description":"Appartements in Paznauntal","potentialAction":[{"@type":"SearchAction","target":{"@type":"EntryPoint","urlTemplate":"https:\/\/apart-peter.at\/?s={search_term_string}"},"query-input":{"@type":"PropertyValueSpecification","valueRequired":true,"valueName":"search_term_string"}}],"inLanguage":"en-US"}]}},"_links":{"self":[{"href":"https:\/\/apart-peter.at\/en\/wp-json\/wp\/v2\/pages\/842","targetHints":{"allow":["GET"]}}],"collection":[{"href":"https:\/\/apart-peter.at\/en\/wp-json\/wp\/v2\/pages"}],"about":[{"href":"https:\/\/apart-peter.at\/en\/wp-json\/wp\/v2\/types\/page"}],"author":[{"embeddable":true,"href":"https:\/\/apart-peter.at\/en\/wp-json\/wp\/v2\/users\/1"}],"replies":[{"embeddable":true,"href":"https:\/\/apart-peter.at\/en\/wp-json\/wp\/v2\/comments?post=842"}],"version-history":[{"count":5,"href":"https:\/\/apart-peter.at\/en\/wp-json\/wp\/v2\/pages\/842\/revisions"}],"predecessor-version":[{"id":1200,"href":"https:\/\/apart-peter.at\/en\/wp-json\/wp\/v2\/pages\/842\/revisions\/1200"}],"up":[{"embeddable":true,"href":"https:\/\/apart-peter.at\/en\/wp-json\/wp\/v2\/pages\/839"}],"wp:attachment":[{"href":"https:\/\/apart-peter.at\/en\/wp-json\/wp\/v2\/media?parent=842"}],"curies":[{"name":"wp","href":"https:\/\/api.w.org\/{rel}","templated":true}]}}